{"id":17117,"date":"2019-03-18T16:41:24","date_gmt":"2019-03-18T15:41:24","guid":{"rendered":"http:\/\/resonance4.fr\/?page_id=17117"},"modified":"2022-02-28T17:03:20","modified_gmt":"2022-02-28T16:03:20","slug":"methodologie","status":"publish","type":"page","link":"https:\/\/www.resonance-4.com\/index.php\/methodologie\/","title":{"rendered":"M\u00e9thodologie"},"content":{"rendered":"<p>[vc_row css_animation=\u00a0\u00bb\u00a0\u00bb row_type=\u00a0\u00bbrow\u00a0\u00bb use_row_as_full_screen_section=\u00a0\u00bbno\u00a0\u00bb type=\u00a0\u00bbgrid\u00a0\u00bb angled_section=\u00a0\u00bbno\u00a0\u00bb text_align=\u00a0\u00bbleft\u00a0\u00bb background_image_as_pattern=\u00a0\u00bbwithout_pattern\u00a0\u00bb background_color=\u00a0\u00bb#ffffff\u00a0\u00bb padding_top=\u00a0\u00bb30&Prime; padding_bottom=\u00a0\u00bb0&Prime; z_index=\u00a0\u00bb\u00a0\u00bb][vc_column]<blockquote class='' style='border-left-color: #ff4332;'><h5 class='blockquote-text' style='color: #ff4332;'>Une action de formation r\u00e9pond \u00e0 un objectif professionnel dans le cadre d\u2019un parcours de d\u00e9veloppement des comp\u00e9tences<\/h5><\/blockquote>[vc_separator type=\u00a0\u00bbtransparent\u00a0\u00bb up=\u00a0\u00bb15&Prime;]<div class=\"qode-banner qode-banner-va-center\"><div class=\"qode-banner-image\"><img decoding=\"async\" itemprop=\"image\" src=\"https:\/\/www.resonance-4.com\/wp-content\/uploads\/2019\/04\/newmethodo2.jpg\" alt=\"\" \/><\/div><div class=\"qode-banner-content\"><div class=\"qode-banner-content-inner\"><div class=\"qode-banner-text-holder\"><\/div><\/div><\/div><\/div>[vc_separator type=\u00a0\u00bbtransparent\u00a0\u00bb up=\u00a0\u00bb15&Prime;][vc_column_text]Dirigeants, hauts potentiels, jeunes talents, managers de proximit\u00e9 ou force de vente, nous r\u00e9pondons aux besoins selon des modes op\u00e9ratoires sp\u00e9cifiques et des programmes individualis\u00e9s, de formations ou d\u2019ateliers.<\/p>\n<p>&nbsp;<\/p>\n<p>Forte de son exp\u00e9rience, R\u00e9sonance 4 vous accompagne au travers de programmes construits sur- mesure autour des derni\u00e8res recherches en psychologie sociale.<\/p>\n<p>&nbsp;<\/p>\n<p>Construite autour d\u2019un \u00e9quilibre entre apports th\u00e9oriques et applications pratiques (exercices d\u00e9clics, mises en situation), la p\u00e9dagogie progressive est \u00e0 la base des formations R\u00e9sonance 4 qui sauront vous aider \u00e0 prendre conscience de vos capacit\u00e9s, de vos axes d\u2019am\u00e9lioration et vous approprier les outils et techniques de communication interpersonnelles et op\u00e9rationnelles adapt\u00e9s \u00e0 votre personnalit\u00e9 et \u00e0 votre environnement.[\/vc_column_text][vc_separator type=\u00a0\u00bbtransparent\u00a0\u00bb thickness=\u00a0\u00bb24&Prime;][vc_row_inner row_type=\u00a0\u00bbrow\u00a0\u00bb type=\u00a0\u00bbfull_width\u00a0\u00bb text_align=\u00a0\u00bbleft\u00a0\u00bb css_animation=\u00a0\u00bb\u00a0\u00bb][vc_column_inner width=\u00a0\u00bb5\/12&Prime;][vc_single_image image=\u00a0\u00bb17382&Prime; img_size=\u00a0\u00bb500&#215;500&Prime; alignment=\u00a0\u00bbcenter\u00a0\u00bb qode_css_animation=\u00a0\u00bb\u00a0\u00bb][\/vc_column_inner][vc_column_inner width=\u00a0\u00bb1\/12&Prime;][\/vc_column_inner][vc_column_inner width=\u00a0\u00bb6\/12&Prime;][vc_column_text css=\u00a0\u00bb.vc_custom_1646060584950{padding-top: 130px !important;}\u00a0\u00bb]Dynamique d\u2019apprentissage \u00ab\u00a0<strong><span style=\"color: #ff4332;\">Blended Learning<\/span><\/strong>\u00a0\u00bb :<\/p>\n<p>&nbsp;<\/p>\n<ul>\n<li>Formations distancielles avec interactivit\u00e9 (quizz, questionnaires, exercices d\u00e9clics, mises en situation) et apports th\u00e9oriques.<\/li>\n<li>Formation pr\u00e9sentielle bas\u00e9e sur 80% d\u2019exercices pratique et 20% d\u2019apports th\u00e9oriques de consolidation.<\/li>\n<\/ul>\n<p>[\/vc_column_text][\/vc_column_inner][\/vc_row_inner][vc_separator type=\u00a0\u00bbtransparent\u00a0\u00bb thickness=\u00a0\u00bb24&Prime;][vc_column_text]Approche \u00ab\u00a0<strong><span style=\"color: #ff4332;\">bo\u00eete \u00e0 outils<\/span><\/strong>\u00a0\u00bb pratique et pragmatique qui facilite l\u2019acquisition.<\/p>\n<p>&nbsp;<\/p>\n<p><strong><span style=\"color: #ff4332;\">P\u00e9dagogie active<\/span><\/strong> pour favoriser l\u2019implication des participants et progresser sur des cas concrets rencontr\u00e9s.<\/p>\n<p>&nbsp;<\/p>\n<p><strong><span style=\"color: #ff4332;\">Exercices pratiques<\/span><\/strong> et <strong><span style=\"color: #ff4332;\">mises en situation<\/span><\/strong> afin d\u2019optimiser l\u2019appropriation des techniques propos\u00e9es.<\/p>\n<p>&nbsp;<\/p>\n<p><strong><span style=\"color: #ff4332;\">Prise de conscience<\/span><\/strong> des comportements en situation de communication interactive gr\u00e2ce \u00e0 l\u2019utilisation de la vid\u00e9o.<\/p>\n<p>&nbsp;<\/p>\n<p>Chaque participant termine sa formation avec un <strong><span style=\"color: #ff4332;\">plan de d\u00e9veloppement personnel<\/span><\/strong>.<\/p>\n<p>&nbsp;<\/p>\n<p>Notre souhait est de pouvoir accompagner dans le temps, les personnes et leurs organisations qui nous font confiance dans un esprit de partenariat.<\/p>\n<p>&nbsp;<\/p>\n<p>Chaque client dispose d\u2019un contact d\u00e9di\u00e9 et privil\u00e9gi\u00e9.<\/p>\n<p>Adaptabilit\u00e9 et flexibilit\u00e9 font partie de nos valeurs.<\/p>\n<p>Engagement de confidentialit\u00e9.<\/p>\n<p>&nbsp;<\/p>\n<p>Accessibilit\u00e9 au handicap : Dans un souci constant de qualit\u00e9, nous essayons de nous adapter aux situations particuli\u00e8res. Merci de nous contacter pour nous faire part de de vos besoins.<\/p>\n<p>Actions RSE : T\u00e9l\u00e9travail des collaborateurs, optimisation des d\u00e9placements des formateurs gr\u00e2ce \u00e0 une organisation nationale, r\u00e9duction des impressions au profit du digital, papier recycl\u00e9, fournisseurs labellis\u00e9s \u00ab\u00a0d\u00e9veloppement durable\u00a0\u00bb.[\/vc_column_text][vc_separator type=\u00a0\u00bbtransparent\u00a0\u00bb thickness=\u00a0\u00bb50&Prime; up=\u00a0\u00bb15&Prime;][\/vc_column][\/vc_row]<\/p>\n","protected":false},"excerpt":{"rendered":"<p>[vc_row css_animation=\u00a0\u00bb\u00a0\u00bb row_type=\u00a0\u00bbrow\u00a0\u00bb use_row_as_full_screen_section=\u00a0\u00bbno\u00a0\u00bb type=\u00a0\u00bbgrid\u00a0\u00bb angled_section=\u00a0\u00bbno\u00a0\u00bb text_align=\u00a0\u00bbleft\u00a0\u00bb background_image_as_pattern=\u00a0\u00bbwithout_pattern\u00a0\u00bb background_color=\u00a0\u00bb#ffffff\u00a0\u00bb padding_top=\u00a0\u00bb30&Prime; padding_bottom=\u00a0\u00bb0&Prime; z_index=\u00a0\u00bb\u00a0\u00bb][vc_column][vc_separator type=\u00a0\u00bbtransparent\u00a0\u00bb up=\u00a0\u00bb15&Prime;][vc_separator type=\u00a0\u00bbtransparent\u00a0\u00bb up=\u00a0\u00bb15&Prime;][vc_column_text]Dirigeants, hauts potentiels, jeunes talents, managers de proximit\u00e9 ou force de vente, nous r\u00e9pondons aux besoins selon des modes op\u00e9ratoires sp\u00e9cifiques et des programmes individualis\u00e9s, de formations ou d\u2019ateliers. &nbsp;&#8230;<\/p>\n","protected":false},"author":1,"featured_media":0,"parent":0,"menu_order":0,"comment_status":"closed","ping_status":"closed","template":"full_width.php","meta":{"footnotes":""},"class_list":["post-17117","page","type-page","status-publish","hentry"],"_links":{"self":[{"href":"https:\/\/www.resonance-4.com\/index.php\/wp-json\/wp\/v2\/pages\/17117"}],"collection":[{"href":"https:\/\/www.resonance-4.com\/index.php\/wp-json\/wp\/v2\/pages"}],"about":[{"href":"https:\/\/www.resonance-4.com\/index.php\/wp-json\/wp\/v2\/types\/page"}],"author":[{"embeddable":true,"href":"https:\/\/www.resonance-4.com\/index.php\/wp-json\/wp\/v2\/users\/1"}],"replies":[{"embeddable":true,"href":"https:\/\/www.resonance-4.com\/index.php\/wp-json\/wp\/v2\/comments?post=17117"}],"version-history":[{"count":25,"href":"https:\/\/www.resonance-4.com\/index.php\/wp-json\/wp\/v2\/pages\/17117\/revisions"}],"predecessor-version":[{"id":17254,"href":"https:\/\/www.resonance-4.com\/index.php\/wp-json\/wp\/v2\/pages\/17117\/revisions\/17254"}],"wp:attachment":[{"href":"https:\/\/www.resonance-4.com\/index.php\/wp-json\/wp\/v2\/media?parent=17117"}],"curies":[{"name":"wp","href":"https:\/\/api.w.org\/{rel}","templated":true}]}}